{"id":3,"date":"2019-04-12T10:06:31","date_gmt":"2019-04-12T08:06:31","guid":{"rendered":"http:\/\/www.freemodemalliance.it\/?page_id=3"},"modified":"2019-06-10T14:05:13","modified_gmt":"2019-06-10T12:05:13","slug":"privacy-policy","status":"publish","type":"page","link":"https:\/\/www.freemodemalliance.it\/index.php\/privacy-policy\/","title":{"rendered":"Privacy Policy"},"content":{"rendered":"<p><div class=\"fusion-fullwidth fullwidth-box nonhundred-percent-fullwidth non-hundred-percent-height-scrolling\"  style='background-color: rgba(255,255,255,0);background-position: center center;background-repeat: no-repeat;padding-top:0px;padding-right:0px;padding-bottom:0px;padding-left:0px;'><div class=\"fusion-builder-row fusion-row \"><div  class=\"fusion-layout-column fusion_builder_column fusion_builder_column_1_1 fusion-builder-column-1 fusion-one-full fusion-column-first fusion-column-last 1_1\"  style='margin-top:0px;margin-bottom:0px;'>\n\t\t\t\t\t<div class=\"fusion-column-wrapper\" style=\"padding: 0px 0px 0px 0px;background-position:left top;background-repeat:no-repeat;-webkit-background-size:cover;-moz-background-size:cover;-o-background-size:cover;background-size:cover;\"   data-bg-url=\"\">\n\t\t\t\t\t\t<div class=\"fusion-sep-clear\"><\/div><div class=\"fusion-separator fusion-full-width-sep sep-none\" style=\"margin-left: auto;margin-right: auto;margin-top:30px;\"><\/div><div class=\"fusion-clearfix\"><\/div>\n\n\t\t\t\t\t<\/div>\n\t\t\t\t<\/div><\/div><\/div><div class=\"fusion-fullwidth fullwidth-box nonhundred-percent-fullwidth non-hundred-percent-height-scrolling\"  style='background-color: rgba(255,255,255,0);background-position: center center;background-repeat: no-repeat;padding-top:0px;padding-right:0px;padding-bottom:0px;padding-left:0px;'><div class=\"fusion-builder-row fusion-row \"><div  class=\"fusion-layout-column fusion_builder_column fusion_builder_column_1_1 fusion-builder-column-2 fusion-one-full fusion-column-first fusion-column-last 1_1\"  style='margin-top:0px;margin-bottom:0px;'>\n\t\t\t\t\t<div class=\"fusion-column-wrapper\" style=\"padding: 0px 0px 0px 0px;background-position:left top;background-repeat:no-repeat;-webkit-background-size:cover;-moz-background-size:cover;-o-background-size:cover;background-size:cover;\"   data-bg-url=\"\">\n\t\t\t\t\t\t<div class=\"fusion-text\"><div class=\"row-fluid\">\n<h2>INFORMATIVA PER TRATTAMENTO DEI DATI PERSONALI<\/h2>\n<\/div>\n<div id=\"paragraph-164\" class=\"row-fluid paragraph auxcnt-1\">\n<h4>resa ai sensi e per gli effetti del D. Lgs. 196\/2003<\/h4>\n<p><span class=\"clearfix\"> <strong>FINALITA&#8217; DEL PRESENTE DOCUMENTO<\/strong> Vengono di seguito comunicate le modalit\u00e0 di trattamento dei dati personali degli utenti del sito <a href=\"http:\/\/freemodemalliance.it\/\" target=\"_blank\" rel=\"noopener noreferrer\" data-saferedirecturl=\"https:\/\/www.google.com\/url?q=http:\/\/freemodemalliance.it&amp;source=gmail&amp;ust=1559381698138000&amp;usg=AFQjCNE2Dw6Dle0urjOd0ZOMn8r2BnXOsQ\">freemodemalliance.it<\/a>, eventualmente raccolti durante la consultazione dello stesso. L&#8217;informativa viene resa ai sensi dell&#8217;art.13 del Decreto Legislativo 20 Giugno 2003 n. 196 &#8211; Codice\u00a0 in materia di protezione dei dati personali &#8211; a coloro che interagiscono con i servizi web accessibili per via telematica a partire dall\u2019indirizzo: <a href=\"http:\/\/freemodemalliance.it\/\" target=\"_blank\" rel=\"noopener noreferrer\" data-saferedirecturl=\"https:\/\/www.google.com\/url?q=http:\/\/freemodemalliance.it&amp;source=gmail&amp;ust=1559381698138000&amp;usg=AFQjCNE2Dw6Dle0urjOd0ZOMn8r2BnXOsQ\">freemodemalliance.it<\/a> Le indicazioni fornite di seguito si ispirano anche alle linee guida desunte dall&#8217;art. 29 della direttiva n. 95\/46\/CE e riguardano in modo particolare la raccolta dei dati personali su Internet prefiggendosi di identificare le misure minime che dovranno essere attuate nei confronti delle persone interessate per garantire la lealt\u00e0 e liceit\u00e0 di tali pratiche.<\/span><\/p>\n<p><strong>IL TITOLARE DEL TRATTAMENTO<br \/>\n<\/strong>A seguito della consultazione del sito <a href=\"http:\/\/freemodemalliance.it\/\" target=\"_blank\" rel=\"noopener noreferrer\" data-saferedirecturl=\"https:\/\/www.google.com\/url?q=http:\/\/freemodemalliance.it&amp;source=gmail&amp;ust=1559381698138000&amp;usg=AFQjCNE2Dw6Dle0urjOd0ZOMn8r2BnXOsQ\">freemodemalliance.it<\/a>, in seguito denominato il SITO, possono essere trattati dati relativi a persone identificate o identificabili. Il &#8220;Titolare&#8221; del loro trattamento \u00e8 Free Modem Alliance, di seguito identificato come il TITOLARE DEL TRATTAMENTO.<\/p>\n<p><strong>AMBITO<br \/>\n<\/strong>L&#8217;informativa \u00e8 resa solo per il SITO in oggetto e non anche per altri siti Web esterni eventualmente consultabili tramite i link presenti sulle pagine del SITO, che collegano a domini diversi, dei quali il TITOLARE DEL TRATTAMENTO non \u00e8 responsabile.<\/p>\n<p><strong>LUOGO DI TRATTAMENTO DEI DATI<br \/>\n<\/strong>I trattamenti connessi ai servizi Web sul SITO (fisicamente residenti su server collegati alla rete) sono effettuati presso la sede del TITOLARE DEL TRATTAMENTO e sono curati solo da dipendenti, collaboratori o incaricati al trattamento, oppure da eventuali incaricati di occasionali operazioni di manutenzione. Nessun dato derivante dalla navigazione sul SITO viene comunicato o diffuso a terzi il cui operato non \u00e8 inerente alla gestione, al funzionamento od al controllo delle operazioni del SITO stesso. I dati personali forniti dagli utenti che inoltrano richieste di invio di materiale informativo sono utilizzati al solo fine di eseguire il servizio o la prestazione richiesta e sono comunicati a terzi nel caso in cui ci\u00f2 sia a tal fine necessario salvo quanto previsto al capitolo &#8220;conferimento dati facoltativo&#8221;.<\/p>\n<p><strong>TIPI DI DATI TRATTATI<\/strong><br \/>\n<u>Dati di Navigazione<\/u> I sistemi informatici e le procedure software preposte al funzionamento del SITO acquisiscono, nel corso del loro normale esercizio, alcuni dati personali la cui trasmissione \u00e8 implicita nell&#8217;uso dei protocolli di comunicazione di Internet. Si tratta di informazioni che non sono raccolte per essere associate ad interessati identificati, ma che per loro stessa natura potrebbero, attraverso elaborazioni ed associazioni con dati detenuti da terzi, permettere di identificare gli utenti. In questa categoria di dati rientrano, a mero titolo esemplificativo, gli indirizzi IP o i nomi a dominio dei computer utilizzati dagli utenti che si connettono al sito, gli indirizzi in notazione URI (Uniform Resource Identifier) delle risorse richieste, l&#8217;orario della richiesta, il metodo utilizzato nel sottoporre la richiesta al server, la dimensione del file ottenuto in risposta, il codice numerico indicante lo stato della risposta data dal server (buon fine, errore, ecc.) ed altri parametri relativi al sistema operativo e all&#8217;ambiente informatico dell&#8217;utente. Questi dati sono utilizzati al solo fine di ricavare informazioni statistiche anonime sull&#8217;uso del SITO e per controllarne il corretto funzionamento. I dati potrebbero essere resi disponibili dal TITOLARE DEL TRATTAMENTO\u00a0per l&#8217;accertamento di responsabilit\u00e0 in caso di ipotetici reati informatici o altre richieste autorizzate dall&#8217;autorit\u00e0 giudiziaria. <u>Dati conferiti volontariamente dagli utenti del sito<\/u> L&#8217;invio facoltativo, esplicito e volontario di messaggi di posta elettronica agli indirizzi indicati sul SITO o tramite la compilazione di moduli di richiesta o altre procedure guidate presenti sul SITO stesso, comporta la successiva acquisizione dell&#8217;indirizzo del mittente, necessario per rispondere alle richieste, nonch\u00e9 degli eventuali altri dati personali inseriti. Specifiche informative di sintesi verranno riportate o visualizzate nelle pagine del sito predisposte per particolari servizi a richiesta.<\/p>\n<p><strong>FACOLTATIVITA\u2019 DEL CONFERIMENTO DEI DATI<br \/>\n<\/strong>A parte quanto specificato per i dati di navigazione, l&#8217;utente \u00e8 libero di fornire i dati personali riportati nei moduli di richiesta o comunque indicati in contatti per sollecitare l&#8217;invio di materiale informativo o di altre comunicazioni. Il loro mancato conferimento pu\u00f2 comportare l&#8217;impossibilit\u00e0 di ottenere quanto richiesto. Per completezza va ricordato che, in alcuni casi (non oggetto dell&#8217;ordinaria gestione di questo sito), l&#8217;Autorit\u00e0 pu\u00f2 richiedere notizie e informazioni ai sensi dell&#8217;art. 157 del D.Lgs. n. 196\/2003, ai fini del controllo sul trattamento dei dati personali. In questi casi la risposta \u00e8 obbligatoria a pena di sanzione amministrativa.<\/p>\n<p><strong>COOKIE<br \/>\n<\/strong>I cookie sono brevi file di testo che vengono scaricati sul dispositivo dell&#8217;Utente quando si visita un sito web e consentono al SITO di riconoscere il dispositivo dell\u2019Utente. Essi hanno diverse finalit\u00e0 come, per esempio, consentire di navigare efficientemente tra le pagine, ricordare i siti preferiti e, in generale, migliorare l&#8217;esperienza di navigazione. In base alla funzione e alla finalit\u00e0 di utilizzo, i cookie possono suddividersi in cookie tecnici, cookie di profilazione, cookie di terze parti. Per un approfondimento sui Cookie utilizzati dal SITO vedi\u00a0l&#8217;apposita sezione sottostante.<\/p>\n<p><strong>MODALITA&#8217; DEL TRATTAMENTO<br \/>\n<\/strong>I dati personali sono trattati con e senza strumenti elettronici o comunque automatizzati, informatici o telematici per il tempo strettamente necessario a conseguire gli scopi per cui sono stati raccolti. Specifiche misure di sicurezza sono osservate per prevenire la perdita dei dati, usi illeciti o non corretti ed accessi non autorizzati in ottemperanza agli obblighi di adeguamento a misure minime di sicurezza. Per fornire un servizio completo il SITO pu\u00f2 contenere link ad altri siti web, non gestiti dal presente TITOLARE DEL TRATTAMENTO il quale non pu\u00f2 essere ritenuto responsabile di errori, contenuti, cookie, pubblicazioni di contenuto morale illecito, pubblicit\u00e0, banner o file non conformi alle disposizioni normative vigenti e del rispetto della normativa Privacy da parte dei siti suddetti.<\/p>\n<p><strong>DIRITTI DEGLI INTERESSATI<span id=\"cookie\"><br \/>\n<\/span><\/strong>I soggetti cui si riferiscono i dati personali hanno il diritto in qualunque momento di ottenere la conferma dell&#8217;esistenza o meno dei medesimi dati e di conoscerne il contenuto e l&#8217;origine, verificarne l&#8217;esattezza o chiederne l&#8217;integrazione o l&#8217;aggiornamento, oppure la rettificazione (art. 7\u00a0 del D.Lgs. n. 196\/2003). Ai sensi del medesimo articolo si ha il diritto di chiedere la cancellazione, la trasformazione in forma anonima o il blocco dei dati trattati in violazione di legge, nonch\u00e9 di opporsi, per motivi legittimi, al loro trattamento. In ogni caso l\u2019Utente rester\u00e0 libero in ogni momento di revocare i consensi dallo stesso prestati, inviando senza formalit\u00e0 una comunicazione in tal senso al TITOLARE DEL TRATTAMENTO ai recapiti riportati all&#8217;inizio del presente documento.<\/p>\n<p><strong>MODIFICHE ALLA PRESENTE PRIVACY POLICY<br \/>\n<\/strong>Il TITOLARE DEL TRATTAMENTO si riserva il diritto di aggiornare la presente Privacy Policy in ogni momento per adeguarla al diritto sopravveniente e di migliorarla tenendo conto anche dei suggerimenti trasmessi da clienti, collaboratori ed utenti.<\/p>\n<h2>COOKIE<\/h2>\n<p><span class=\"clearfix\"> <strong>COS&#8217;E&#8217; UN COOKIE<\/strong> I cookie sono brevi file di testo che vengono scaricati sul dispositivo dell&#8217;Utente quando si visita un sito web. Ad ogni visita successiva i cookie sono reinviati al sito web che li ha originati (cookie di prime parti) o a un altro sito che li riconosce (cookie di terze parti). I cookie sono utili perch\u00e9 consentono a un sito web di riconoscere il dispositivo dell\u2019Utente. Essi hanno diverse finalit\u00e0 come, per esempio, consentire di navigare efficientemente tra le pagine, ricordare i siti preferiti e, in generale, migliorare l&#8217;esperienza di navigazione. In base alla funzione e alla finalit\u00e0 di utilizzo, i cookie possono suddividersi in cookie tecnici, cookie di profilazione, cookie di terze parti.<br \/>\n<\/span><\/p>\n<p><strong>COOKIE TECNICI<br \/>\n<\/strong>I cookie tecnici hanno lo scopo di abilitare funzioni senza le quali non sarebbe possibile utilizzare appieno il SITO. Questi cookie permettono il funzionamento di procedure basate su pi\u00f9 passaggi (pi\u00f9 pagine successive, come ad esempio una richiesta di contatto), di tenere traccia delle scelte dell&#8217;utente sui contenuti del SITO da visualizzare e le funzionalit\u00e0 da attivare o disattivare. Un cookie di questo tipo viene inoltre utilizzato per memorizzare la decisione dell\u2019utente sull\u2019utilizzo di cookie sul nostro sito web. I cookie essenziali non possono essere disabilitati utilizzando le funzioni del Sito. Rientrano nell\u2019ambito dei cookie tecnici anche quelli utilizzati per analizzare statisticamente gli accessi o le visite al sito, detti anche \u201canalytics\u201d, che perseguono esclusivamente scopi statistici e raccolgono informazioni in forma aggregata senza possibilit\u00e0 di risalire all&#8217;identificazione del singolo utente. I cookie analytics possono essere anche cookie di terze parti (Google Analytics) per i quali si rimanda, per un ulteriore approfondimento, alla privacy del rispettivo titolare.<\/p>\n<p><strong>COOKIE DI PROFILAZIONE<br \/>\n<\/strong>I cookie di profilazione hanno lo scopo di migliorare l&#8217;esperienza utente del SITO suggerendo contenuti affini alle preferenze manifestate dall&#8217;utente durante la navigazione, in base ai contenuti visualizzati ed altri parametri di comportamento. L&#8217;utente pu\u00f2 decidere di disattivare l&#8217;utilizzo dei singoli cookie del SITO tramite le apposite opzioni del proprio browser. In questo caso alcune funzionalit\u00e0 del SITO potrebbero non essere disponibili.<\/p>\n<p><strong>COOKIE DI TERZE PARTI<br \/>\n<\/strong>Il SITO utilizza alcune funzionalit\u00e0 esterne o contiene alcuni link esterni con lo scopo di migliorare l&#8217;integrazione con siti di terze parti di comune utilizzo e la socialit\u00e0 del SITO stesso (es. pulsanti di condivisione di Facebook, Google, ecc.). Tali funzionalit\u00e0 e link potrebbero determinare l&#8217;utilizzo di cookie di terze parti per i quali si rimanda alla privacy specifica pubblicata sui singoli siti.<\/p>\n<p><strong>DISATTIVAZIONE DEI COOKIE SUI PIU&#8217; COMUNI BROWSER<\/strong> E&#8217; possibile disattivare i cookie utilizzando le opzioni messe a disposizione dal proprio browser. Seguono alcuni esempi relativi ai browser pi\u00f9 diffusi. <u>Internet Explorer<\/u><\/p>\n<ul>\n<li>Selezionare Strumenti sulla barra dei menu<\/li>\n<li>Fare clic su Opzioni Internet<\/li>\n<li>Fare clic sulla scheda Generale, che si trova sotto la voce \u201cCronologia esplorazioni\u201d e fare clic su \u201cElimina\u201d<\/li>\n<\/ul>\n<p><span class=\"clearfix\"> <u>Firefox<\/u><\/span><\/p>\n<ul>\n<li>Selezionare Strumenti sulla barra dei menu<\/li>\n<li>Fare clic su Opzioni<\/li>\n<li>Fare clic sulla scheda Privacy<\/li>\n<li>Fare clic su \u201cCancella adesso\u201d<\/li>\n<li>Selezionare \u201cCookie\u201d<\/li>\n<li>Fare clic su \u201cElimina i dati personali adesso\u201d<\/li>\n<\/ul>\n<p><span class=\"clearfix\"> <u>Google Chrome<\/u><\/span><\/p>\n<ul>\n<li>Fare clic sull\u2019icona della chiave inglese in alto a destra del browser<\/li>\n<li>Fare clic su \u201cOpzioni\u201d<\/li>\n<li>Fare clic su \u201cRoba da smanettoni\u201d<\/li>\n<li>Fare clic sul pulsante \u201cImpostazioni contenuti\u201d nella sezione Privacy<\/li>\n<li>Fare clic sul pulsante \u201cCancella dati di navigazione\u201d<\/li>\n<\/ul>\n<p><span class=\"clearfix\"> <u>Safari<\/u><\/span><\/p>\n<ul>\n<li>Andare al menu Safari (icona in alto a destra del browser) e selezionare Preferenze<\/li>\n<li>Nella finestra a comparsa che si apre, selezionare l\u2019icona Sicurezza (a forma di lucchetto)<\/li>\n<li>Sotto la voce &#8220;Accetta cookie&#8221;, selezionare il pulsante &#8220;Mai&#8221;<\/li>\n<\/ul>\n<\/div>\n<\/div><div class=\"fusion-clearfix\"><\/div>\n\n\t\t\t\t\t<\/div>\n\t\t\t\t<\/div><\/div><\/div><\/p>\n","protected":false},"excerpt":{"rendered":"","protected":false},"author":1,"featured_media":0,"parent":0,"menu_order":0,"comment_status":"closed","ping_status":"open","template":"","meta":{"footnotes":""},"_links":{"self":[{"href":"https:\/\/www.freemodemalliance.it\/index.php\/wp-json\/wp\/v2\/pages\/3"}],"collection":[{"href":"https:\/\/www.freemodemalliance.it\/index.php\/wp-json\/wp\/v2\/pages"}],"about":[{"href":"https:\/\/www.freemodemalliance.it\/index.php\/wp-json\/wp\/v2\/types\/page"}],"author":[{"embeddable":true,"href":"https:\/\/www.freemodemalliance.it\/index.php\/wp-json\/wp\/v2\/users\/1"}],"replies":[{"embeddable":true,"href":"https:\/\/www.freemodemalliance.it\/index.php\/wp-json\/wp\/v2\/comments?post=3"}],"version-history":[{"count":6,"href":"https:\/\/www.freemodemalliance.it\/index.php\/wp-json\/wp\/v2\/pages\/3\/revisions"}],"predecessor-version":[{"id":169,"href":"https:\/\/www.freemodemalliance.it\/index.php\/wp-json\/wp\/v2\/pages\/3\/revisions\/169"}],"wp:attachment":[{"href":"https:\/\/www.freemodemalliance.it\/index.php\/wp-json\/wp\/v2\/media?parent=3"}],"curies":[{"name":"wp","href":"https:\/\/api.w.org\/{rel}","templated":true}]}}